{"id":7,"date":"2025-04-29T19:05:21","date_gmt":"2025-04-29T17:05:21","guid":{"rendered":"https:\/\/zamibo.fr\/?page_id=7"},"modified":"2025-04-29T19:12:37","modified_gmt":"2025-04-29T17:12:37","slug":"accueil","status":"publish","type":"page","link":"https:\/\/zamibo.fr\/","title":{"rendered":""},"content":{"rendered":"\n<div class=\"wp-block-media-text is-stacked-on-mobile is-vertically-aligned-top\"><figure class=\"wp-block-media-text__media\"><img decoding=\"async\" src=\"https:\/\/remimamelin.wordpress.com\/wp-content\/uploads\/2025\/04\/capture-decran-2025-04-16-121544.png\" alt=\"\" class=\"wp-image-33 size-full\"\/><\/figure><div class=\"wp-block-media-text__content\">\n<p class=\"has-text-align-center\"><strong><em>Ventes uniquement aux professionnels.<\/em><\/strong><\/p>\n<\/div><\/div>\n\n\n\n<div class=\"wp-block-group is-nowrap is-layout-flex wp-container-core-group-is-layout-6c531013 wp-block-group-is-layout-flex\">\n<h2 class=\"wp-block-heading has-text-align-center\"><mark style=\"background-color:rgba(0, 0, 0, 0);color:#000000\" class=\"has-inline-color\"><strong>Des produits de qualit\u00e9 pour des animaux heureux<\/strong><\/mark><\/h2>\n<\/div>\n\n\n\n<h2 class=\"wp-block-heading has-text-align-center\"><strong>Notre show-room :<\/strong><\/h2>\n\n\n\n<figure class=\"wp-block-image size-full wp-duotone-000000-fefefe-1\"><img decoding=\"async\" src=\"https:\/\/remimamelin.wordpress.com\/wp-content\/uploads\/2025\/04\/image_2025-04-16_124647924.png\" alt=\"\" class=\"wp-image-46\"\/><\/figure>\n\n\n\n<figure class=\"wp-block-gallery alignwide has-nested-images columns-default is-cropped wp-block-gallery-2 is-layout-flex wp-block-gallery-is-layout-flex\">\n<figure class=\"wp-block-image size-large\"><img decoding=\"async\" data-id=\"30\" src=\"https:\/\/remimamelin.wordpress.com\/wp-content\/uploads\/2025\/04\/pro-s8ajt6r6.jpeg?w=1024\" alt=\"\" class=\"wp-image-30\"\/><\/figure>\n\n\n\n<figure class=\"wp-block-image size-large\"><img decoding=\"async\" data-id=\"26\" src=\"https:\/\/remimamelin.wordpress.com\/wp-content\/uploads\/2025\/04\/pro-gpiioytv.jpeg?w=1024\" alt=\"\" class=\"wp-image-26\"\/><\/figure>\n\n\n\n<figure class=\"wp-block-image size-large\"><img decoding=\"async\" data-id=\"27\" src=\"https:\/\/remimamelin.wordpress.com\/wp-content\/uploads\/2025\/04\/pro-ke3rby6c.jpeg?w=1024\" alt=\"\" class=\"wp-image-27\"\/><\/figure>\n\n\n\n<figure class=\"wp-block-image size-large\"><img decoding=\"async\" data-id=\"20\" src=\"https:\/\/remimamelin.wordpress.com\/wp-content\/uploads\/2025\/04\/1000013630-copie.jpg?w=1024\" alt=\"\" class=\"wp-image-20\"\/><\/figure>\n\n\n\n<figure class=\"wp-block-image size-large\"><img decoding=\"async\" data-id=\"19\" src=\"https:\/\/remimamelin.wordpress.com\/wp-content\/uploads\/2025\/04\/20241219_123110-1.jpg?w=596\" alt=\"\" class=\"wp-image-19\"\/><\/figure>\n<\/figure>\n\n\n\n<h2 class=\"wp-block-heading has-text-align-center\"><strong>Notre histoire : <\/strong><\/h2>\n\n\n\n<div class=\"wp-block-media-text alignwide is-stacked-on-mobile\" style=\"grid-template-columns:30% auto\"><figure class=\"wp-block-media-text__media\"><img decoding=\"async\" src=\"https:\/\/remimamelin.wordpress.com\/wp-content\/uploads\/2025\/04\/dallc2b7e-2025-02-25-12.54.08-a-real-life-photograph-of-a-cat-a-dog-and-a-bird-sitting-on-a-horizontal-bar.-the-cat-is-on-the-left-the-dog-in-the-middle-and-the-bird-on-the-rig.webp\" alt=\"\" class=\"wp-image-22 size-full\"\/><\/figure><div class=\"wp-block-media-text__content\">\n<p class=\"has-text-align-left\">2016, la naissance de Zamibo. Bien plus qu\u2019un challenge<br>commercial, une aventure humaine au service des animaux.<br>Chacun d\u2019entre nous agit pour les rendre heureux, les divertir,<br>les soigner, les dorloter\u2026<br>Nous sommes pr\u00e9sents et en d\u00e9veloppement r\u00e9gulier sur les<br>diff\u00e9rents secteurs d\u2019activit\u00e9s : Discount, GSA-GSB, Jardinerie,<br>et sp\u00e9cialistes afin de proposer une offre \u00e9quilibr\u00e9e et cibl\u00e9e.<br>Nos \u00e9quipes : achats, marketing, logistique, et commerce,<br>\u00e0 l\u2019\u00e9coute de vos besoins, vous accompagneront afin de<br>construire avec vous l\u2019offre la plus performante et adapt\u00e9e \u00e0<br>vos besoins.<br>Venez nous rencontrer et d\u00e9couvrir nos produits dans notre<br>show room de 500m2 au Homexpo Paris Paris Zac des Tulipes<br>Nord \u2013 4 rue de Montservon 95500 Gonesse.<\/p>\n<\/div><\/div>\n\n\n\n<div class=\"wp-block-media-text alignwide has-media-on-the-right is-stacked-on-mobile\" style=\"grid-template-columns:auto 42%\"><div class=\"wp-block-media-text__content\">\n<p class=\"has-text-align-left\">Established in 2016 , Zamibo is a pet accessories company<br>dedicated to the well being of our best friends : cats and  dogs.<br>Our goal is to focus on making them happy, pampering them,entertaining them and caring for them in order to improve their lives in every possible way.<br>We are supplying different types of point of sale : Discount<br>stores, Hypermarkets, DIY stores, Garden centers, Specialists<br>pet stores.<br>Our different departments : Purchasing, Marketing, Logistics<br>and Sales are at your service in order to understand your<br>needs and help you with any query you have so as to build a<br>personalised and competitive offer.<br>You are welcome to meet us and discover our range of pet<br>products in our 500 m2 Showroom at HOMEXPO Paris Zac<br>des Tulipes Nord \u2013 4 rue de Montservon 95500 Gonesse<\/p>\n<\/div><figure class=\"wp-block-media-text__media\"><img decoding=\"async\" src=\"https:\/\/remimamelin.wordpress.com\/wp-content\/uploads\/2025\/04\/chatgpt-image-16-avr.-2025-13_01_40.png?w=1024\" alt=\"\" class=\"wp-image-48 size-full\"\/><\/figure><\/div>\n\n\n\n<h2 class=\"wp-block-heading has-text-align-center\"><strong>Notre catalogue : <\/strong><\/h2>\n\n\n\n<div class=\"wp-block-group is-layout-constrained wp-block-group-is-layout-constrained\">\n<div data-wp-interactive=\"core\/file\" class=\"wp-block-file alignwide\"><object data-wp-bind--hidden=\"!state.hasPdfPreview\" hidden class=\"wp-block-file__embed\" data=\"https:\/\/remimamelin.wordpress.com\/wp-content\/uploads\/2025\/04\/catalogue-zamibo-sd-2025.pdf\" type=\"application\/pdf\" style=\"width:100%;height:790px\" aria-label=\"Contenu embarqu\u00e9 catalogue ZAMIBO SD 2025.\"><\/object><a id=\"wp-block-file--media-6350f6bb-edbe-470a-9f5f-658af6eed701\" href=\"https:\/\/remimamelin.wordpress.com\/wp-content\/uploads\/2025\/04\/catalogue-zamibo-sd-2025.pdf\">catalogue ZAMIBO SD 2025<\/a><a href=\"https:\/\/remimamelin.wordpress.com\/wp-content\/uploads\/2025\/04\/catalogue-zamibo-sd-2025.pdf\" class=\"wp-block-file__button wp-element-button\" download aria-describedby=\"wp-block-file--media-6350f6bb-edbe-470a-9f5f-658af6eed701\">T\u00e9l\u00e9charger<\/a><\/div>\n<\/div>\n\n\n\n<h2 class=\"wp-block-heading has-text-align-center\"><strong>Contact :<\/strong><\/h2>\n\n\n\n<div class=\"wp-block-group alignfull is-content-justification-center is-layout-constrained wp-block-group-is-layout-constrained\" style=\"margin-top:0;margin-bottom:0;padding-top:var(--wp--preset--spacing--50);padding-bottom:var(--wp--preset--spacing--50)\">\n<div class=\"wp-block-columns alignwide is-layout-flex wp-container-core-columns-is-layout-28f84493 wp-block-columns-is-layout-flex\">\n<div class=\"wp-block-column is-layout-flow wp-block-column-is-layout-flow\">\n<h2 class=\"wp-block-heading has-text-align-center\"><strong>Soci\u00e9t\u00e9 Zamibo :<\/strong><\/h2>\n\n\n\n<div style=\"height:var(--wp--preset--spacing--10)\" aria-hidden=\"true\" class=\"wp-block-spacer\"><\/div>\n\n\n\n<p class=\"has-text-align-center is-contact-phone-email\"><strong>03.27.29.92.92<br>contact@zamibo.fr<\/strong><\/p>\n\n\n\n<div style=\"height:var(--wp--preset--spacing--10)\" aria-hidden=\"true\" class=\"wp-block-spacer\"><\/div>\n\n\n\n<p class=\"has-text-align-center is-contact-address\"><strong>Rue Charles Longuet<br>PA Le Brasseur<\/strong><\/p>\n\n\n\n<p class=\"has-text-align-center\"><strong>59690 Vieux-Cond\u00e9<\/strong><\/p>\n<\/div>\n<\/div>\n<\/div>\n","protected":false},"excerpt":{"rendered":"<p>Ventes uniquement aux professionnels. Des produits de qualit\u00e9 pour des animaux heureux Notre show-room : Notre histoire : 2016, la naissance de Zamibo. Bien plus qu\u2019un challengecommercial, une aventure humaine au service des animaux.Chacun d\u2019entre nous agit pour les rendre heureux, les divertir,les soigner, les dorloter\u2026Nous sommes pr\u00e9sents et en d\u00e9veloppement r\u00e9gulier sur lesdiff\u00e9rents secteurs [&hellip;]<\/p>\n","protected":false},"author":1,"featured_media":0,"parent":0,"menu_order":0,"comment_status":"closed","ping_status":"closed","template":"","meta":{"footnotes":""},"class_list":["post-7","page","type-page","status-publish","hentry"],"_links":{"self":[{"href":"https:\/\/zamibo.fr\/index.php\/wp-json\/wp\/v2\/pages\/7","targetHints":{"allow":["GET"]}}],"collection":[{"href":"https:\/\/zamibo.fr\/index.php\/wp-json\/wp\/v2\/pages"}],"about":[{"href":"https:\/\/zamibo.fr\/index.php\/wp-json\/wp\/v2\/types\/page"}],"author":[{"embeddable":true,"href":"https:\/\/zamibo.fr\/index.php\/wp-json\/wp\/v2\/users\/1"}],"replies":[{"embeddable":true,"href":"https:\/\/zamibo.fr\/index.php\/wp-json\/wp\/v2\/comments?post=7"}],"version-history":[{"count":4,"href":"https:\/\/zamibo.fr\/index.php\/wp-json\/wp\/v2\/pages\/7\/revisions"}],"predecessor-version":[{"id":15,"href":"https:\/\/zamibo.fr\/index.php\/wp-json\/wp\/v2\/pages\/7\/revisions\/15"}],"wp:attachment":[{"href":"https:\/\/zamibo.fr\/index.php\/wp-json\/wp\/v2\/media?parent=7"}],"curies":[{"name":"wp","href":"https:\/\/api.w.org\/{rel}","templated":true}]}}